{"id":89,"date":"2024-05-28T13:43:02","date_gmt":"2024-05-28T11:43:02","guid":{"rendered":"https:\/\/sabweb.uab.cat\/cms\/?page_id=89"},"modified":"2026-04-17T13:44:53","modified_gmt":"2026-04-17T11:44:53","slug":"sid-del-campus-de-sabadell","status":"publish","type":"page","link":"https:\/\/sabweb.uab.cat\/cms\/","title":{"rendered":"SID del Campus de Sabadell"},"content":{"rendered":"\n<p><\/p>\n\n\n\n<p>El Servei d&#8217;Inform\u00e0tica Distribu\u00efda del Campus de Sabadell de la Universitat Aut\u00f2noma de Barcelona (UAB) d\u00f3na suport als equips inform\u00e0tics que pertanyen als centres seg\u00fcents:<\/p>\n\n\n\n<ul class=\"wp-block-list\">\n<li>Facultat d\u2019Economia i Empresa. Graus universitaris de Comptabilitat i Finances i Empresa i Tecnologia.<\/li>\n\n\n\n<li>Escola d&#8217;Eginyeria. Grau en Gesti\u00f3 Aeron\u00e0utica.<\/li>\n\n\n\n<li>Biblioteca del Campus de Sabadell.<\/li>\n<\/ul>\n\n\n\n<h1 class=\"wp-block-heading has-text-align-left\" id=\"aules\"><strong> Aules i horaris<\/strong><\/h1>\n\n\n\n<p>Tamb\u00e9 es d\u00f3na suport a les aules informatitzades seg\u00fcents:<\/p>\n\n\n\n<ul class=\"wp-block-list\">\n<li>Aules B, F, G, I, Olga Torres.<\/li>\n\n\n\n<li>Sala Polivalent<\/li>\n\n\n\n<li>Sala de Graus.<\/li>\n<\/ul>\n\n\n\n<p><\/p>\n\n\n\n<p><\/p>\n\n\n\n<p><strong>Horaris<\/strong><\/p>\n\n\n\n<p>Els enlla\u00e7os seg\u00fcents als horaris de les aules informatitzades mostren l&#8217;hora de l&#8217;\u00faltima actualitzaci\u00f3, podria ser que hi hagi reserves posteriors que no estiguin en aquests horaris.<\/p>\n\n\n\n<ul class=\"wp-block-list\">\n<li><a href=\"https:\/\/sabweb.uab.cat\/apps\/horarios\/horari\/horari.pdf\" data-type=\"link\" data-id=\"https:\/\/sabweb.uab.cat\/apps\/horarios\/horari\/horari.pdf\" target=\"_blank\" rel=\"noreferrer noopener\">Campus de Sabadell aules d&#8217;inform\u00e0tica B, F, E, G, I, Olga Torres <\/a><\/li>\n<\/ul>\n\n\n\n<p><strong>Atenci\u00f3: <\/strong>Les reserves de les aules informatitzades les gestiona els SLIPI i les Gestions Acad\u00e8miques de cada Facultat.<\/p>\n\n\n\n<p><\/p>\n\n\n\n<h2 class=\"wp-block-heading has-text-align-center\"><strong>Aula B <\/strong><\/h2>\n\n\n\n<figure class=\"wp-block-image size-large\"><img loading=\"lazy\" decoding=\"async\" width=\"1024\" height=\"768\" src=\"https:\/\/sabweb.uab.cat\/cms\/wp-content\/uploads\/2025\/10\/Aula-BC-2-1024x768.jpg\" alt=\"\" class=\"wp-image-638\" srcset=\"https:\/\/sabweb.uab.cat\/cms\/wp-content\/uploads\/2025\/10\/Aula-BC-2-1024x768.jpg 1024w, https:\/\/sabweb.uab.cat\/cms\/wp-content\/uploads\/2025\/10\/Aula-BC-2-300x225.jpg 300w, https:\/\/sabweb.uab.cat\/cms\/wp-content\/uploads\/2025\/10\/Aula-BC-2-768x576.jpg 768w, https:\/\/sabweb.uab.cat\/cms\/wp-content\/uploads\/2025\/10\/Aula-BC-2-1536x1152.jpg 1536w, https:\/\/sabweb.uab.cat\/cms\/wp-content\/uploads\/2025\/10\/Aula-BC-2-1x1.jpg 1w, https:\/\/sabweb.uab.cat\/cms\/wp-content\/uploads\/2025\/10\/Aula-BC-2.jpg 2048w\" sizes=\"auto, (max-width: 1024px) 100vw, 1024px\" \/><\/figure>\n\n\n\n<ul class=\"wp-block-list\">\n<li>Ubicaci\u00f3: Edifici S, planta 1. Porta S\/129<\/li>\n\n\n\n<li>Nombre d&#8217;ordinadors: 33<\/li>\n\n\n\n<li>Disposa de projector.<\/li>\n<\/ul>\n\n\n\n<p><\/p>\n\n\n\n<h2 class=\"wp-block-heading has-text-align-center\"><strong>Aula E <\/strong><\/h2>\n\n\n\n<figure class=\"wp-block-image size-full\"><img loading=\"lazy\" decoding=\"async\" width=\"1024\" height=\"768\" src=\"https:\/\/sabweb.uab.cat\/cms\/wp-content\/uploads\/2025\/07\/AulaE-1024-768.jpg\" alt=\"\" class=\"wp-image-587\" srcset=\"https:\/\/sabweb.uab.cat\/cms\/wp-content\/uploads\/2025\/07\/AulaE-1024-768.jpg 1024w, https:\/\/sabweb.uab.cat\/cms\/wp-content\/uploads\/2025\/07\/AulaE-1024-768-300x225.jpg 300w, https:\/\/sabweb.uab.cat\/cms\/wp-content\/uploads\/2025\/07\/AulaE-1024-768-768x576.jpg 768w, https:\/\/sabweb.uab.cat\/cms\/wp-content\/uploads\/2025\/07\/AulaE-1024-768-1x1.jpg 1w\" sizes=\"auto, (max-width: 1024px) 100vw, 1024px\" \/><\/figure>\n\n\n\n<ul class=\"wp-block-list\">\n<li>Ubicaci\u00f3: Edifici S, planta 1. Porta S\/133<\/li>\n\n\n\n<li>Nombre d&#8217;ordinadors: 16<\/li>\n\n\n\n<li>Disposa de projector.<\/li>\n<\/ul>\n\n\n\n<h2 class=\"wp-block-heading has-text-align-center\"><strong>Aula F<\/strong><\/h2>\n\n\n\n<figure class=\"wp-block-image size-large\"><img loading=\"lazy\" decoding=\"async\" width=\"1024\" height=\"768\" src=\"https:\/\/sabweb.uab.cat\/cms\/wp-content\/uploads\/2025\/09\/Aula-F-1024x768.jpg\" alt=\"\" class=\"wp-image-604\"\/><\/figure>\n\n\n\n<ul class=\"wp-block-list\">\n<li>Ubicaci\u00f3: Edifici S, planta 1. Porta S\/136<\/li>\n\n\n\n<li>Nombre d&#8217;ordinadors: 28<\/li>\n\n\n\n<li>Disposa de projector.<\/li>\n<\/ul>\n\n\n\n<p><\/p>\n\n\n\n<h2 class=\"wp-block-heading has-text-align-center\"><strong>Aula G<\/strong><\/h2>\n\n\n\n<figure class=\"wp-block-image size-large\"><img loading=\"lazy\" decoding=\"async\" width=\"1024\" height=\"768\" src=\"https:\/\/sabweb.uab.cat\/cms\/wp-content\/uploads\/2025\/09\/Aula-F-G-1024x768.jpg\" alt=\"\" class=\"wp-image-601\"\/><\/figure>\n\n\n\n<ul class=\"wp-block-list\">\n<li>Ubicaci\u00f3: Edifici S, planta 1. Porta S\/138<\/li>\n\n\n\n<li>Nombre d&#8217;ordinadors: 12<\/li>\n\n\n\n<li>Disposa de projector.<\/li>\n<\/ul>\n\n\n\n<p><\/p>\n\n\n\n<h2 class=\"wp-block-heading has-text-align-center\"><strong>Aula I<\/strong><\/h2>\n\n\n\n<figure class=\"wp-block-image size-large\"><img loading=\"lazy\" decoding=\"async\" width=\"1024\" height=\"508\" src=\"https:\/\/sabweb.uab.cat\/cms\/wp-content\/uploads\/2024\/10\/AulaH-I-1024x508.jpg\" alt=\"\" class=\"wp-image-327\" srcset=\"https:\/\/sabweb.uab.cat\/cms\/wp-content\/uploads\/2024\/10\/AulaH-I-1024x508.jpg 1024w, https:\/\/sabweb.uab.cat\/cms\/wp-content\/uploads\/2024\/10\/AulaH-I-300x149.jpg 300w, https:\/\/sabweb.uab.cat\/cms\/wp-content\/uploads\/2024\/10\/AulaH-I-768x381.jpg 768w, https:\/\/sabweb.uab.cat\/cms\/wp-content\/uploads\/2024\/10\/AulaH-I-1536x762.jpg 1536w, https:\/\/sabweb.uab.cat\/cms\/wp-content\/uploads\/2024\/10\/AulaH-I-1x1.jpg 1w, https:\/\/sabweb.uab.cat\/cms\/wp-content\/uploads\/2024\/10\/AulaH-I.jpg 2048w\" sizes=\"auto, (max-width: 1024px) 100vw, 1024px\" \/><\/figure>\n\n\n\n<ul class=\"wp-block-list\">\n<li>Ubicaci\u00f3: Edifici S, planta 1. Porta S\/123<\/li>\n\n\n\n<li>Nombre d&#8217;ordinadors: 24<\/li>\n\n\n\n<li>Disposa de projector.<\/li>\n<\/ul>\n\n\n\n<p><\/p>\n\n\n\n<h2 class=\"wp-block-heading has-text-align-center\"><strong>Aula Olga Torres<\/strong><\/h2>\n\n\n\n<figure class=\"wp-block-image size-large\"><img loading=\"lazy\" decoding=\"async\" width=\"1024\" height=\"616\" src=\"https:\/\/sabweb.uab.cat\/cms\/wp-content\/uploads\/2024\/10\/AulaOlgaTorres-1024x616.jpg\" alt=\"\" class=\"wp-image-329\" srcset=\"https:\/\/sabweb.uab.cat\/cms\/wp-content\/uploads\/2024\/10\/AulaOlgaTorres-1024x616.jpg 1024w, https:\/\/sabweb.uab.cat\/cms\/wp-content\/uploads\/2024\/10\/AulaOlgaTorres-300x180.jpg 300w, https:\/\/sabweb.uab.cat\/cms\/wp-content\/uploads\/2024\/10\/AulaOlgaTorres-768x462.jpg 768w, https:\/\/sabweb.uab.cat\/cms\/wp-content\/uploads\/2024\/10\/AulaOlgaTorres-1536x924.jpg 1536w, https:\/\/sabweb.uab.cat\/cms\/wp-content\/uploads\/2024\/10\/AulaOlgaTorres-1x1.jpg 1w, https:\/\/sabweb.uab.cat\/cms\/wp-content\/uploads\/2024\/10\/AulaOlgaTorres.jpg 2048w\" sizes=\"auto, (max-width: 1024px) 100vw, 1024px\" \/><\/figure>\n\n\n\n<ul class=\"wp-block-list\">\n<li>Ubicaci\u00f3: Edifici S, planta 0. Porta S2\/012<\/li>\n\n\n\n<li>Nombre d&#8217;ordinadors: 32<\/li>\n\n\n\n<li>Disposa de projector.<\/li>\n<\/ul>\n\n\n\n<p><\/p>\n\n\n\n<h1 class=\"wp-block-heading\" id=\"programari_i_peticio\"><strong>Programari i petici\u00f3<\/strong><\/h1>\n\n\n\n<p>Podeu consultar el programari instal\u00b7lat desplegant les aules desitjades seleccionant el signe <img loading=\"lazy\" decoding=\"async\" height=\"15\" width=\"15\" src=\"https:\/\/sabweb.uab.cat\/cms\/wp-content\/uploads\/2024\/09\/signe_mes.jpeg\"><\/p>\n\n\n\n<p><\/p>\n\n\n\n<div class=\"wp-block-ive-accordion alignnone\"><div class=\"ive-accordion-wrap ive-accordion-wrap ive-accordion-_f7a1e2-91 ive-accordion-has-25-panes ive-active-pane-0 ive-accordion-block ive-pane-header-alignment-left ive-accodion-icon-style-basic ive-accodion-icon-side-right\"><div class=\"ive-accordion-inner-wrap ive-start-active-pane-1 ive-accordion-_f7a1e2-91 ive-accodion-icon-style-basic ive-accodion-icon-side-right\" data-allow-multiple-open=\"false\" data-start-open=\"0\">\n<div class=\"wp-block-ive-pane ive-accordion-pane ive-accordion-pane-20 ive-pane_070667-7d\"><div class=\"ive-accordion-header-wrap\"><button class=\"ive-blocks-accordion-header ive-acccordion-button-label-show d-flex justify-content-start justify-content-md-start ive-accordions-xl-start\"><span class=\"ive-blocks-accordion-title-wrap\"><span class=\"ive-blocks-accordion-title\">Programari Aula B<\/span><\/span><span class=\"ive-blocks-accordion-icon-trigger\"><\/span><\/button><\/div><div class=\"ive-accordion-panel\"><div class=\"ive-accordion-panel-inner\">\n<p>7-Zip (21.07)<br>Access (Office 365)<br>Adobe Acrobat Reader DC (2024.003.20054)<br>AMPL 2025.08.16<br>AppsAnywhere (2.0.0)<br>Autocad 2023<br>Bluesky Simulator 1.0.5<br>Cloudpaging Player (9.4.1.2076)<br>CPN Tools 4.0.1<br>Excel (Office 365)<br>Forticlient VPN (7.0.9.0493)<br>Google Chrome (128.0.6613.139)<br>Inspera Integrity Browser (1.16.5)<br>Matlab 2024<br>Microsoft Edge<br>Microsoft Teams (1.00.24670)<br>Microsoft Project 2019<br>OneNote for Windows 10<br>PowerPoint (Office 365)<br>Python 3.13 con Chocolatey<br>R 4.5.1<br>R Studio IDE Version 2025.5.1<br>Safe Exam Browser 3.8.0.742<br>Simio (17.261.39190)<br>Skype (15.95)<br>Spyder 6.0.0<br>Visual Studio Code(1.109.5)<br>VLC Media Player (3.0.16)<br>Word (Office 365)<\/p>\n<\/div><\/div><\/div>\n\n\n\n<div class=\"wp-block-ive-pane ive-accordion-pane ive-accordion-pane-21 ive-pane_30e5d4-d0\"><div class=\"ive-accordion-header-wrap\"><button class=\"ive-blocks-accordion-header ive-acccordion-button-label-show d-flex justify-content-start justify-content-md-start ive-accordions-xl-start\"><span class=\"ive-blocks-accordion-title-wrap\"><span class=\"ive-blocks-accordion-title\">Programari Aula E <\/span><\/span><span class=\"ive-blocks-accordion-icon-trigger\"><\/span><\/button><\/div><div class=\"ive-accordion-panel\"><div class=\"ive-accordion-panel-inner\">\n<p>7-Zip (21.07)<br>Access (Office 365)<br>Adobe Acrobat Reader DC (2024.003.20054)<br>AMPL 2025.08.16<br>AppsAnywhere (2.0.0)<br>Autocad 2023<br>Bluesky Simulator 1.0.5<br>Cloudpaging Player (9.4.1.2076)<br>CPN Tools 4.0.1<br>Excel (Office 365)<br>Forticlient VPN (7.0.9.0493)<br>Google Chrome (128.0.6613.139)<br>IBM ILOG CPLEX Optimization Studio ( 22.1.1)<br>Matlab 2024<br>Microsoft Edge<br>Microsoft Teams (1.00.24670)<br>Microsoft Project 2019<br>OneNote for Windows 10<br>PowerPoint (Office 365)<br>Python 3.13 con Chocolatey<br>R 4.5.1<br>R Studio IDE Version 2025.5.1<br>Safe Exam Browser 3.8.0.742<br>Simio (17.261.39190)<br>Skype (15.95)<br>Spyder 6.0.0<br>Visual Studio Code(1.109.5)<br>VLC Media Player (3.0.16)<br>Word (Office 365)<\/p>\n<\/div><\/div><\/div>\n\n\n\n<div class=\"wp-block-ive-pane ive-accordion-pane ive-accordion-pane-22 ive-pane_0b0b00-b6\"><div class=\"ive-accordion-header-wrap\"><button class=\"ive-blocks-accordion-header ive-acccordion-button-label-show d-flex justify-content-start justify-content-md-start ive-accordions-xl-start\"><span class=\"ive-blocks-accordion-title-wrap\"><span class=\"ive-blocks-accordion-title\">Programari Aula F <\/span><\/span><span class=\"ive-blocks-accordion-icon-trigger\"><\/span><\/button><\/div><div class=\"ive-accordion-panel\"><div class=\"ive-accordion-panel-inner\">\n<p>7-Zip (21.07)<br>Access (Office 365)<br>Adobe Acrobat Reader DC (2024.003.20054)<br>AppsAnywhere (2.0.0)<br>Autocad 2023<br>Bluesky Simulator 1.0.5<br>Cloudpaging Player (9.4.1.2076)<br>CPN Tools 4.0.1<br>Excel (Office 365)<br>Forticlient VPN (7.0.9.0493)<br>Google Chrome (128.0.6613.139)<br>Inspera Integrity Browser (1.16.5)<br>Microsoft Edge<br>Microsoft Teams (1.00.24670)<br>Microsoft Project 2019<br>OneNote for Windows 10<br>PowerPoint (Office 365)<br>Python 3.13 con Chocolatey<br>R 4.5.1<br>R Studio IDE Version 2025.5.1<br>Safe Exam Browser 3.8.0.742<br>Simio (17.261.39190)<br>Skype (15.95)<br>Spyder 6.0.0<br>Visual Studio Code(1.109.5)<br>VLC Media Player (3.0.16)<br>Word (Office 365)<\/p>\n<\/div><\/div><\/div>\n\n\n\n<div class=\"wp-block-ive-pane ive-accordion-pane ive-accordion-pane-23 ive-pane_85ba2b-b1\"><div class=\"ive-accordion-header-wrap\"><button class=\"ive-blocks-accordion-header ive-acccordion-button-label-show d-flex justify-content-start justify-content-md-start ive-accordions-xl-start\"><span class=\"ive-blocks-accordion-title-wrap\"><span class=\"ive-blocks-accordion-title\">Programari Aula G<\/span><\/span><span class=\"ive-blocks-accordion-icon-trigger\"><\/span><\/button><\/div><div class=\"ive-accordion-panel\"><div class=\"ive-accordion-panel-inner\">\n<p>7-Zip (21.07)<br>Access (Office 365)<br>Adobe Acrobat Reader DC (2024.003.20054)<br>AppsAnywhere (2.0.0)<br>Autocad 2023<br>Cloudpaging Player (9.4.1.2076)<br>CPN Tools 4.0.1<br>Excel (Office 365)<br>Forticlient VPN (7.0.9.0493)<br>Google Chrome (128.0.6613.139)<br>Inspera Integrity Browser (1.16.5)<br>Microsoft Edge<br>Microsoft Teams (1.00.24670)<br>Microsoft Project 2019<br>OneNote for Windows 10<br>PowerPoint (Office 365)<br>Python 3.13 con Chocolatey<br>R 4.5.1<br>R Studio IDE Version 2025.5.1<br>Safe Exam Browser 3.8.0.742<br>Simio (17.261.39190)<br>Skype (15.95)<br>Spyder 6.0.0<br>Visual Studio Code(1.109.5)<br>VLC Media Player (3.0.16)<br>Word (Office 365)<\/p>\n<\/div><\/div><\/div>\n\n\n\n<div class=\"wp-block-ive-pane ive-accordion-pane ive-accordion-pane-24 ive-pane_6ac7bd-0c\"><div class=\"ive-accordion-header-wrap\"><button class=\"ive-blocks-accordion-header ive-acccordion-button-label-show d-flex justify-content-start justify-content-md-start ive-accordions-xl-start\"><span class=\"ive-blocks-accordion-title-wrap\"><span class=\"ive-blocks-accordion-title\">Programari Aula I<\/span><\/span><span class=\"ive-blocks-accordion-icon-trigger\"><\/span><\/button><\/div><div class=\"ive-accordion-panel\"><div class=\"ive-accordion-panel-inner\">\n<p>7-Zip (21.07)<br>Access (Office 365)<br>Adobe Acrobat Reader DC (2024.003.20054)<br>AMPL 2025.08.16<br>AppsAnywhere (2.0.0)<br>Autocad 2023<br>Bluesky Simulator 1.0.5<br>Cloudpaging Player (9.4.1.2076)<br>CPN Tools 4.0.1<br>Excel (Office 365)<br>Forticlient VPN (7.0.9.0493)<br>Google Chrome (128.0.6613.139)<br>IBM ILOG CPLEX Optimization Studio ( 22.1.1)<br>Microsoft Edge<br>Microsoft Teams (1.00.24670)<br>Microsoft Project 2019<br>OneNote for Windows 10<br>PowerPoint (Office 365)<br>Python 3.13 con Chocolatey<br>R 4.5.1<br>R Studio IDE Version 2025.5.1<br>Safe Exam Browser 3.8.0.742<br>Simio (17.261.39190)<br>Skype (15.95)<br>Spyder 6.0.0<br>Visual Studio Code(1.109.5)<br>VLC Media Player (3.0.16)<br>Word (Office 365)<\/p>\n<\/div><\/div><\/div>\n\n\n\n<div class=\"wp-block-ive-pane ive-accordion-pane ive-accordion-pane-25 ive-pane_79c1e0-81\"><div class=\"ive-accordion-header-wrap\"><button class=\"ive-blocks-accordion-header ive-acccordion-button-label-show d-flex justify-content-start justify-content-md-start ive-accordions-xl-start\"><span class=\"ive-blocks-accordion-title-wrap\"><span class=\"ive-blocks-accordion-title\">Programari Aula Olga Torres<\/span><\/span><span class=\"ive-blocks-accordion-icon-trigger\"><\/span><\/button><\/div><div class=\"ive-accordion-panel\"><div class=\"ive-accordion-panel-inner\">\n<p>7-Zip (21.07)<br>Access (Office 365)<br>Adobe Acrobat Reader DC (2024.003.20054)<br>Autocad 2023<br>AppsAnywhere (2.0.0)<br>Bluesky Simulator 1.0.5<br>Cloudpaging Player (9.4.1.2076)<br>CPLEX Studio 22.1.1<br>CPN Tools 4.0.1<br>Excel (Office 365)<br>Forticlient VPN (7.0.9.0493)<br>Google Chrome (128.0.6613.139)<br>Microsoft Edge<br>Microsoft Teams (1.00.24670)<br>Microsoft Project 2019<br>OneNote for Windows 10<br>PowerPoint (Office 365)<br>QGIS 3.40.11 Bratislava<br>Python 3.13 con Chocolatey<br>R 4.5.1<br>R Studio IDE Version 2025.5.1<br>Safe Exam Browser 3.8.0.742<br>Simio (17.261.39190)<br>Skype (15.95)<br>Spyder 6.0.0<br>Visual Studio Code(1.109.5)<br>VLC Media Player (3.0.16)<br>Word (Office 365)<\/p>\n<\/div><\/div><\/div>\n<\/div><\/div><\/div>\n\n\n\n<p><\/p>\n\n\n\n<p><\/p>\n\n\n\n<p>En aquesta guia s&#8217;explica com inicar programari virtualitzat des del portal web VirtualApps:<\/p>\n\n\n\n<ul class=\"wp-block-list\">\n<li><a href=\"https:\/\/sabweb.uab.cat\/cms\/wp-content\/uploads\/2024\/09\/20230220_1802_Guia_VirtualApps-5.pdf\" target=\"_blank\" rel=\"noreferrer noopener\">Guia de VirtualApps<\/a><\/li>\n<\/ul>\n\n\n\n<p>Aquesta guia introdueix l&#8217;aplicaci\u00f3 Safe Examen Browser (SEB) i la configuraci\u00f3 aplicada al SID de Ci\u00e8ncies Socials:<\/p>\n\n\n\n<ul class=\"wp-block-list\">\n<li><a href=\"https:\/\/sabweb.uab.cat\/cms\/wp-content\/uploads\/2026\/03\/20260115_1414_Guia_SEB.pdf\" target=\"_blank\" rel=\"noreferrer noopener\">Guia del Safe Examen Browser (SEB)<\/a><\/li>\n<\/ul>\n\n\n\n<p>Fora de les hores lectives, de 21:00 a 8:00 i caps de setmana, les aules estan disponibles remotament mitjan\u00e7ant el servei de Guacamole.<\/p>\n\n\n\n<ul class=\"wp-block-list\">\n<li><a href=\"https:\/\/sabweb.uab.cat\/cms\/wp-content\/uploads\/2025\/03\/Guacamole_ManualUsuari_Campus_Sabadell.pdf\" target=\"_blank\" rel=\"noreferrer noopener\">Guia de Guacamole<\/a><\/li>\n<\/ul>\n\n\n\n<p>Les peticions d\u2019instal\u00b7laci\u00f3 de programari a les aules informatitzades o de doc\u00e8ncia s&#8217;ha de fer obrint un tiquet a la UAB des de l&#8217;adre\u00e7a seg\u00fcent:<\/p>\n\n\n\n<ul class=\"wp-block-list\">\n<li><a href=\"https:\/\/tiquets.uab.cat\/servicedesk\/customer\/portal\/2\/create\/18\" target=\"_blank\" rel=\"noreferrer noopener\">Enlla\u00e7 a la petici\u00f3 de programari<\/a><\/li>\n<\/ul>\n\n\n\n<p>Les peticions han d\u2019arribar amb un m\u00ednim de <strong>15 dies laborals d\u2019antelaci\u00f3<\/strong> per poder preveure la disponibilitat d\u2019espais, t\u00e8cnics i la valoraci\u00f3 per part del SID de Ci\u00e8ncies Socials de la petici\u00f3.<\/p>\n\n\n\n<h1 class=\"wp-block-heading\" id=\"faq\"><strong>FAQ<\/strong><\/h1>\n\n\n\n<p>A les webs seg\u00fcents trobareu la major part de respostes a les preguntes m\u00e9s freq\u00fcents:<\/p>\n\n\n\n<ul class=\"wp-block-list\">\n<li><a href=\"https:\/\/www.uab.cat\/dtic\" target=\"_blank\" rel=\"noreferrer noopener\">Direcci\u00f3 de Tecnologies de la Informaci\u00f3 i la Comunicaci\u00f3<\/a><\/li>\n\n\n\n<li><a href=\"https:\/\/canaltic.uab.cat\" target=\"_blank\" rel=\"noreferrer noopener\">Canal TIC<\/a><\/li>\n\n\n\n<li><a href=\"https:\/\/si-respostes.uab.cat\" target=\"_blank\" rel=\"noreferrer noopener\">Preguntes freq\u00fcents del Servei d\u2019Inform\u00e0tica<\/a><\/li>\n\n\n\n<li>Reinstal\u00b7laci\u00f3 d&#8217;equips (planxat). Cal agendar i enviar el formulari:\n<ul class=\"wp-block-list\">\n<li><a href=\"https:\/\/outlook.office.com\/book\/ReinstallacionsCampusdeSabadell@eines.uab.es\/\" target=\"_blank\" rel=\"noreferrer noopener\">Agendar reinstal\u00b7laci\u00f3<\/a><\/li>\n\n\n\n<li><a href=\"https:\/\/sabweb.uab.cat\/cms\/wp-content\/uploads\/2025\/10\/FormulariReinstallacio.docx\" target=\"_blank\" rel=\"noreferrer noopener\">Formulari a omplir i enviar al SID<\/a><\/li>\n<\/ul>\n<\/li>\n\n\n\n<li><a href=\"https:\/\/oim.uab.es\/opwd\" target=\"_blank\" rel=\"noreferrer noopener\">Gesti\u00f3 de contrasenyes<\/a><\/li>\n\n\n\n<li><a href=\"https:\/\/casrespon.uab.cat\" target=\"_blank\" rel=\"noreferrer noopener\">Centre d&#8217;Assist\u00e8ncia i Suport (CAS)<\/a><\/li>\n\n\n\n<li><a href=\"https:\/\/webs.uab.cat\/impressio\/personal-uab\/\" target=\"_blank\" rel=\"noreferrer noopener\">Servei de compartici\u00f3 d&#8217;impressores (UniFlow)<\/a><\/li>\n\n\n\n<li><a href=\"https:\/\/www.uab.cat\/web\/serveis-dtic\/servei-de-comparticio-d-impressores-1345826750494.html?detid=1345872909596\" target=\"_blank\" rel=\"noreferrer noopener\">Servei de compartici\u00f3 d&#8217;impressores (PrinterLogic)<\/a><\/li>\n\n\n\n<li><a href=\"https:\/\/canaltic.uab.cat\/2024\/04\/24\/e-serveis-per\" target=\"_blank\" rel=\"noreferrer noopener\">e-Serveis per a estudiants<\/a><\/li>\n<\/ul>\n\n\n\n<h1 class=\"wp-block-heading\" id=\"qui_som\"><strong>Qui som<\/strong><\/h1>\n\n\n\n<ul class=\"wp-block-list\">\n<li>Andreu Pompas (Cap del servei)<\/li>\n\n\n\n<li>Miguel \u00c1ngel San Nicol\u00e1s<\/li>\n\n\n\n<li>Jordi Roman<\/li>\n\n\n\n<li>Alex Puig (torn de tarda)<\/li>\n<\/ul>\n\n\n\n<h1 class=\"wp-block-heading\" id=\"contacte\"><strong>Contacte<\/strong><\/h1>\n\n\n\n<p>Estem ubicats a l&#8217;Edifici S del Campus de Sabadell de la Universitat Aut\u00f2noma de Barcelona, planta 1, porta S\/126 (al costat de l&#8217;aula informatitzada B).<\/p>\n\n\n\n<ul class=\"wp-block-list\">\n<li><a href=\"mailto:sid.sabadell@uab.cat\">sid.sabadell@uab.cat<\/a><\/li>\n\n\n\n<li>Tel\u00e8fon: 682513286 (ext:7424)<\/li>\n\n\n\n<li>Tel\u00e8fon: 638322795 (ext:7422)<\/li>\n\n\n\n<li><a href=\"https:\/\/maps.app.goo.gl\/7nc5zhzwa47C33yE7\" target=\"_blank\" rel=\"noreferrer noopener\">Ubicaci\u00f3 al mapa<\/a><\/li>\n<\/ul>\n","protected":false},"excerpt":{"rendered":"<p>El Servei d&#8217;Inform\u00e0tica Distribu\u00efda del Campus de Sabadell de la Universitat Aut\u00f2noma de Barcelona (UAB) d\u00f3na suport als equips inform\u00e0tics que pertanyen als centres seg\u00fcents: Aules i horaris Tamb\u00e9 es [&hellip;]<\/p>\n","protected":false},"author":1,"featured_media":0,"parent":0,"menu_order":0,"comment_status":"closed","ping_status":"closed","template":"","meta":{"_regular_price":[],"currency_symbol":[],"footnotes":""},"class_list":["post-89","page","type-page","status-publish","hentry"],"post_slider_layout_featured_media_urls":{"thumbnail":"","post_slider_layout_landscape_large":"","post_slider_layout_portrait_large":"","post_slider_layout_square_large":"","post_slider_layout_landscape":"","post_slider_layout_portrait":"","post_slider_layout_square":"","full":""},"_links":{"self":[{"href":"https:\/\/sabweb.uab.cat\/cms\/wp-json\/wp\/v2\/pages\/89","targetHints":{"allow":["GET"]}}],"collection":[{"href":"https:\/\/sabweb.uab.cat\/cms\/wp-json\/wp\/v2\/pages"}],"about":[{"href":"https:\/\/sabweb.uab.cat\/cms\/wp-json\/wp\/v2\/types\/page"}],"author":[{"embeddable":true,"href":"https:\/\/sabweb.uab.cat\/cms\/wp-json\/wp\/v2\/users\/1"}],"replies":[{"embeddable":true,"href":"https:\/\/sabweb.uab.cat\/cms\/wp-json\/wp\/v2\/comments?post=89"}],"version-history":[{"count":195,"href":"https:\/\/sabweb.uab.cat\/cms\/wp-json\/wp\/v2\/pages\/89\/revisions"}],"predecessor-version":[{"id":739,"href":"https:\/\/sabweb.uab.cat\/cms\/wp-json\/wp\/v2\/pages\/89\/revisions\/739"}],"wp:attachment":[{"href":"https:\/\/sabweb.uab.cat\/cms\/wp-json\/wp\/v2\/media?parent=89"}],"curies":[{"name":"wp","href":"https:\/\/api.w.org\/{rel}","templated":true}]}}